{"id":165,"date":"2024-04-23T20:15:37","date_gmt":"2024-04-23T20:15:37","guid":{"rendered":"https:\/\/kursy-motorowodne.net\/?page_id=165"},"modified":"2026-03-17T16:05:05","modified_gmt":"2026-03-17T16:05:05","slug":"centrum-motorowodne","status":"publish","type":"page","link":"https:\/\/kursy-motorowodne.net\/","title":{"rendered":"Centrum Motorowodne"},"content":{"rendered":"\n<p>Specjalizujemy si\u0119 w prowadzeniu szkole\u0144 motorowodnych na r\u00f3\u017cne patenty:<\/p>\n\n\n\n<p>* STERNIK MOTOROWODNY<\/p>\n\n\n\n<p>* MOTOROWODNY STERNIK MORSKI<\/p>\n\n\n\n<p>* LICENCJA NA HOLOWANIE NARCIARZA I INNYCH OBIEKT\u00d3W P\u0141YWAJ\u0104CYCH<\/p>\n\n\n\n<p>* LICENCJA NA HOLOWANIE SPADOCHRONU<\/p>\n\n\n\n<p>Nasza oferta obejmuje tak\u017ce serwis sprz\u0119tu motorowodnego, \u0142odzi i skuter\u00f3w wodnych, zar\u00f3wno bie\u017c\u0105ce naprawy, jak i naprawy powypadkowe.<\/p>\n\n\n\n<p>Nasi wykwalifikowani instruktorzy i egzaminatorzy zapewniaj\u0105 wysok\u0105 jako\u015b\u0107 szkole\u0144, a nasze do\u015bwiadczenie oraz dba\u0142o\u015b\u0107 o ka\u017cdy szczeg\u00f3\u0142 sprawiaj\u0105, \u017ce nasi klienci zawsze mog\u0105 liczy\u0107 na profesjonaln\u0105 obs\u0142ug\u0119.<\/p>\n\n\n\n<p><strong>Nie czekaj i do\u0142\u0105cz do grona naszych zadowolonych klient\u00f3w, kt\u00f3rzy odkryli rado\u015b\u0107 z motorowodnych przyg\u00f3d dzi\u0119ki Centrum Motorowodne JB Technic<\/strong><\/p>\n\n\n\n<p><a href=\"https:\/\/egzaminy.pzmwinw.pl\/index.php?action=egzamin&amp;id=18293\">Zapisz si\u0119 na nast\u0119pny termin !!<\/a><\/p>\n","protected":false},"excerpt":{"rendered":"<p>Specjalizujemy si\u0119 w prowadzeniu szkole\u0144 motorowodnych na r\u00f3\u017cne patenty: * STERNIK MOTOROWODNY * MOTOROWODNY STERNIK MORSKI * LICENCJA NA HOLOWANIE NARCIARZA I INNYCH OBIEKT\u00d3W P\u0141YWAJ\u0104CYCH * LICENCJA NA HOLOWANIE SPADOCHRONU Nasza oferta obejmuje tak\u017ce serwis sprz\u0119tu motorowodnego, \u0142odzi i skuter\u00f3w wodnych, zar\u00f3wno bie\u017c\u0105ce naprawy, jak i naprawy powypadkowe. Nasi wykwalifikowani [&hellip;]<\/p>\n","protected":false},"author":1,"featured_media":117,"parent":0,"menu_order":0,"comment_status":"closed","ping_status":"closed","template":"","meta":{"footnotes":""},"_links":{"self":[{"href":"https:\/\/kursy-motorowodne.net\/index.php?rest_route=\/wp\/v2\/pages\/165"}],"collection":[{"href":"https:\/\/kursy-motorowodne.net\/index.php?rest_route=\/wp\/v2\/pages"}],"about":[{"href":"https:\/\/kursy-motorowodne.net\/index.php?rest_route=\/wp\/v2\/types\/page"}],"author":[{"embeddable":true,"href":"https:\/\/kursy-motorowodne.net\/index.php?rest_route=\/wp\/v2\/users\/1"}],"replies":[{"embeddable":true,"href":"https:\/\/kursy-motorowodne.net\/index.php?rest_route=%2Fwp%2Fv2%2Fcomments&post=165"}],"version-history":[{"count":7,"href":"https:\/\/kursy-motorowodne.net\/index.php?rest_route=\/wp\/v2\/pages\/165\/revisions"}],"predecessor-version":[{"id":396,"href":"https:\/\/kursy-motorowodne.net\/index.php?rest_route=\/wp\/v2\/pages\/165\/revisions\/396"}],"wp:featuredmedia":[{"embeddable":true,"href":"https:\/\/kursy-motorowodne.net\/index.php?rest_route=\/wp\/v2\/media\/117"}],"wp:attachment":[{"href":"https:\/\/kursy-motorowodne.net\/index.php?rest_route=%2Fwp%2Fv2%2Fmedia&parent=165"}],"curies":[{"name":"wp","href":"https:\/\/api.w.org\/{rel}","templated":true}]}}