{"id":373,"date":"2026-03-14T15:21:55","date_gmt":"2026-03-14T15:21:55","guid":{"rendered":"https:\/\/kursy-motorowodne.net\/?page_id=373"},"modified":"2026-03-14T15:50:47","modified_gmt":"2026-03-14T15:50:47","slug":"radiooperator-vhf-src","status":"publish","type":"page","link":"https:\/\/kursy-motorowodne.net\/?page_id=373","title":{"rendered":"RADIOOPERATOR VHF (SRC)"},"content":{"rendered":"\n<figure class=\"wp-block-image size-full is-resized is-style-rounded\"><img loading=\"lazy\" decoding=\"async\" width=\"754\" height=\"490\" src=\"https:\/\/kursy-motorowodne.net\/wp-content\/uploads\/2026\/03\/radio.jpg\" alt=\"\" class=\"wp-image-388\" style=\"width:374px;height:auto\" srcset=\"https:\/\/kursy-motorowodne.net\/wp-content\/uploads\/2026\/03\/radio.jpg 754w, https:\/\/kursy-motorowodne.net\/wp-content\/uploads\/2026\/03\/radio-300x195.jpg 300w, https:\/\/kursy-motorowodne.net\/wp-content\/uploads\/2026\/03\/radio-600x390.jpg 600w\" sizes=\"(max-width: 754px) 100vw, 754px\" \/><\/figure>\n\n\n\n<p>Radiooperator VHF (SRC \u2013 Short Range Certificate)<\/p>\n\n\n\n<p>\u015awiadectwo Radiooperatora SRC (Short Range Certificate) VHF to mi\u0119dzynarodowe uprawnienie do obs\u0142ugi morskich radiostacji UKF\/VHF z funkcj\u0105 DSC (cyfrowe wywo\u0142anie selektywne). Jest niezb\u0119dne do legalnego u\u017cywania radia na jachtach (obszar A1, do ok. 20\u201330 mil morskich od brzegu). Kursy obejmuj\u0105 procedury alarmowe (Distress), bezpiecze\u0144stwa (Safety) i GMDSS.\u00a0<\/p>\n\n\n\n<p><strong>Najwa\u017cniejsze informacje:<\/strong><\/p>\n\n\n\n<ul>\n<li>Obs\u0142uga urz\u0105dze\u0144 pracuj\u0105cych w zakresie morskim VHF (156-174 MHz).<\/li>\n\n\n\n<li><strong>Wym\u00f3g:<\/strong> Ka\u017cdy jacht morski musi posiada\u0107 radio VHF, a osoba obs\u0142uguj\u0105ca \u2013 certyfikat SRC.<\/li>\n\n\n\n<li><strong>Szkolenie:<\/strong> Kursy trwaj\u0105 zazwyczaj jeden dzie\u0144 (lub online), obejmuj\u0105c teori\u0119 i praktyk\u0119 na symulatorach.<\/li>\n\n\n\n<li><strong>Egzamin:<\/strong> Ko\u0144czy si\u0119 egzaminem pa\u0144stwowym (w Polsce przed <a href=\"https:\/\/bip.uke.gov.pl\/swiadectwa-operatora-urzadzen-radiowych-tresci\/swiadectwa-morskie-i-zeglugi-srodladowej,1,113.html\" target=\"_blank\" rel=\"noreferrer noopener\">Urz\u0119dem Komunikacji Elektronicznej<\/a>) lub certyfikatem RYA.<\/li>\n\n\n\n<li><strong>Zakres wiedzy:<\/strong> Zasady prowadzenia korespondencji, procedury distress, urgency, safety, obs\u0142uga DSC, EPIRB, NAVTEX.\u00a0<\/li>\n\n\n\n<li><\/li>\n<\/ul>\n\n\n\n<p><strong>Uprawnienia SRC\/VHF pozwalaj\u0105 na:<\/strong><\/p>\n\n\n\n<ul>\n<li>Legalne u\u017cywanie radiotelefonu VHF DSC.<\/li>\n\n\n\n<li>Wzywanie pomocy w sytuacjach zagro\u017cenia \u017cycia (Mayday).<\/li>\n\n\n\n<li>Komunikacj\u0119 z innymi jachtami, portami i s\u0142u\u017cbami ratowniczymi.\u00a0<\/li>\n<\/ul>\n","protected":false},"excerpt":{"rendered":"<p>Radiooperator VHF (SRC \u2013 Short Range Certificate) \u015awiadectwo Radiooperatora SRC (Short Range Certificate) VHF to mi\u0119dzynarodowe uprawnienie do obs\u0142ugi morskich radiostacji UKF\/VHF z funkcj\u0105 DSC (cyfrowe wywo\u0142anie selektywne). Jest niezb\u0119dne do legalnego u\u017cywania radia na jachtach (obszar A1, do ok. 20\u201330 mil morskich od brzegu). Kursy obejmuj\u0105 procedury alarmowe (Distress), [&hellip;]<\/p>\n","protected":false},"author":1,"featured_media":0,"parent":0,"menu_order":0,"comment_status":"closed","ping_status":"closed","template":"","meta":{"footnotes":""},"_links":{"self":[{"href":"https:\/\/kursy-motorowodne.net\/index.php?rest_route=\/wp\/v2\/pages\/373"}],"collection":[{"href":"https:\/\/kursy-motorowodne.net\/index.php?rest_route=\/wp\/v2\/pages"}],"about":[{"href":"https:\/\/kursy-motorowodne.net\/index.php?rest_route=\/wp\/v2\/types\/page"}],"author":[{"embeddable":true,"href":"https:\/\/kursy-motorowodne.net\/index.php?rest_route=\/wp\/v2\/users\/1"}],"replies":[{"embeddable":true,"href":"https:\/\/kursy-motorowodne.net\/index.php?rest_route=%2Fwp%2Fv2%2Fcomments&post=373"}],"version-history":[{"count":2,"href":"https:\/\/kursy-motorowodne.net\/index.php?rest_route=\/wp\/v2\/pages\/373\/revisions"}],"predecessor-version":[{"id":390,"href":"https:\/\/kursy-motorowodne.net\/index.php?rest_route=\/wp\/v2\/pages\/373\/revisions\/390"}],"wp:attachment":[{"href":"https:\/\/kursy-motorowodne.net\/index.php?rest_route=%2Fwp%2Fv2%2Fmedia&parent=373"}],"curies":[{"name":"wp","href":"https:\/\/api.w.org\/{rel}","templated":true}]}}